{"id":17,"date":"2024-01-24T18:27:30","date_gmt":"2024-01-24T17:27:30","guid":{"rendered":"https:\/\/staryachts.es\/?page_id=17"},"modified":"2025-03-18T12:44:41","modified_gmt":"2025-03-18T11:44:41","slug":"home","status":"publish","type":"page","link":"https:\/\/staryachts.es\/es\/","title":{"rendered":"Inicio"},"content":{"rendered":"<div data-elementor-type=\"wp-page\" data-elementor-id=\"17\" class=\"elementor elementor-17\" data-elementor-post-type=\"page\">\n\t\t\t\t<div class=\"elementor-element elementor-element-1155c73 e-con-full e-flex e-con e-parent\" data-id=\"1155c73\" data-element_type=\"container\" data-settings=\"{&quot;background_background&quot;:&quot;video&quot;,&quot;shape_divider_bottom&quot;:&quot;mountains&quot;,&quot;background_video_link&quot;:&quot;https:\\\/\\\/yachtmediavault.com\\\/s3\\\/library\\\/07\\\/c6\\\/07c6d3dfeba567552fb62742110f3f8333d525ab.mp4&quot;,&quot;background_video_start&quot;:70,&quot;background_play_on_mobile&quot;:&quot;yes&quot;,&quot;background_privacy_mode&quot;:&quot;yes&quot;}\">\n\t\t<div class=\"elementor-background-video-container\">\n\t\t\t\t\t\t\t<video class=\"elementor-background-video-hosted elementor-html5-video\" autoplay muted playsinline loop><\/video>\n\t\t\t\t\t<\/div>\t\t<div class=\"elementor-shape elementor-shape-bottom\" data-negative=\"false\">\n\t\t\t<svg xmlns=\"http:\/\/www.w3.org\/2000\/svg\" viewbox=\"0 0 1000 100\" preserveaspectratio=\"none\">\n\t<path class=\"elementor-shape-fill\" opacity=\"0.33\" d=\"M473,67.3c-203.9,88.3-263.1-34-320.3,0C66,119.1,0,59.7,0,59.7V0h1000v59.7 c0,0-62.1,26.1-94.9,29.3c-32.8,3.3-62.8-12.3-75.8-22.1C806,49.6,745.3,8.7,694.9,4.7S492.4,59,473,67.3z\"\/>\n\t<path class=\"elementor-shape-fill\" opacity=\"0.66\" d=\"M734,67.3c-45.5,0-77.2-23.2-129.1-39.1c-28.6-8.7-150.3-10.1-254,39.1 s-91.7-34.4-149.2,0C115.7,118.3,0,39.8,0,39.8V0h1000v36.5c0,0-28.2-18.5-92.1-18.5C810.2,18.1,775.7,67.3,734,67.3z\"\/>\n\t<path class=\"elementor-shape-fill\" d=\"M766.1,28.9c-200-57.5-266,65.5-395.1,19.5C242,1.8,242,5.4,184.8,20.6C128,35.8,132.3,44.9,89.9,52.5C28.6,63.7,0,0,0,0 h1000c0,0-9.9,40.9-83.6,48.1S829.6,47,766.1,28.9z\"\/>\n<\/svg>\t\t<\/div>\n\t\t\t\t<div class=\"elementor-element elementor-element-3073a20 elementor-widget elementor-widget-text-editor\" data-id=\"3073a20\" data-element_type=\"widget\" data-widget_type=\"text-editor.default\">\n\t\t\t\t<div class=\"elementor-widget-container\">\n\t\t\t<style>\/*! elementor - v3.21.0 - 22-05-2024 *\/\n.elementor-widget-text-editor.elementor-drop-cap-view-stacked .elementor-drop-cap{background-color:#69727d;color:#fff}.elementor-widget-text-editor.elementor-drop-cap-view-framed .elementor-drop-cap{color:#69727d;border:3px solid;background-color:transparent}.elementor-widget-text-editor:not(.elementor-drop-cap-view-default) .elementor-drop-cap{margin-top:8px}.elementor-widget-text-editor:not(.elementor-drop-cap-view-default) .elementor-drop-cap-letter{width:1em;height:1em}.elementor-widget-text-editor .elementor-drop-cap{float:left;text-align:center;line-height:1;font-size:50px}.elementor-widget-text-editor .elementor-drop-cap-letter{display:inline-block}<\/style>\t\t\t\t<h1 style=\"color: white; font-size: 40px; font-weight: 200;\">Yachts for sale<\/h1>\t\t\t\t\t\t<\/div>\n\t\t\t\t<\/div>\n\t\t\t\t<\/div>\n\t\t<div class=\"elementor-element elementor-element-c7e79e4 animated-slow e-flex e-con-boxed elementor-invisible e-con e-parent\" data-id=\"c7e79e4\" data-element_type=\"container\" data-settings=\"{&quot;animation&quot;:&quot;fadeIn&quot;}\">\n\t\t\t\t\t<div class=\"e-con-inner\">\n\t\t\t\t<div class=\"elementor-element elementor-element-762aa00 elementor-widget elementor-widget-spacer\" data-id=\"762aa00\" data-element_type=\"widget\" data-widget_type=\"spacer.default\">\n\t\t\t\t<div class=\"elementor-widget-container\">\n\t\t\t<style>\/*! elementor - v3.21.0 - 22-05-2024 *\/\n.elementor-column .elementor-spacer-inner{height:var(--spacer-size)}.e-con{--container-widget-width:100%}.e-con-inner>.elementor-widget-spacer,.e-con>.elementor-widget-spacer{width:var(--container-widget-width,var(--spacer-size));--align-self:var(--container-widget-align-self,initial);--flex-shrink:0}.e-con-inner>.elementor-widget-spacer>.elementor-widget-container,.e-con>.elementor-widget-spacer>.elementor-widget-container{height:100%;width:100%}.e-con-inner>.elementor-widget-spacer>.elementor-widget-container>.elementor-spacer,.e-con>.elementor-widget-spacer>.elementor-widget-container>.elementor-spacer{height:100%}.e-con-inner>.elementor-widget-spacer>.elementor-widget-container>.elementor-spacer>.elementor-spacer-inner,.e-con>.elementor-widget-spacer>.elementor-widget-container>.elementor-spacer>.elementor-spacer-inner{height:var(--container-widget-height,var(--spacer-size))}.e-con-inner>.elementor-widget-spacer.elementor-widget-empty,.e-con>.elementor-widget-spacer.elementor-widget-empty{position:relative;min-height:22px;min-width:22px}.e-con-inner>.elementor-widget-spacer.elementor-widget-empty .elementor-widget-empty-icon,.e-con>.elementor-widget-spacer.elementor-widget-empty .elementor-widget-empty-icon{position:absolute;top:0;bottom:0;left:0;right:0;margin:auto;padding:0;width:22px;height:22px}<\/style>\t\t<div class=\"elementor-spacer\">\n\t\t\t<div class=\"elementor-spacer-inner\"><\/div>\n\t\t<\/div>\n\t\t\t\t<\/div>\n\t\t\t\t<\/div>\n\t\t\t\t<div class=\"elementor-element elementor-element-d23d081 elementor-widget elementor-widget-text-editor\" data-id=\"d23d081\" data-element_type=\"widget\" data-widget_type=\"text-editor.default\">\n\t\t\t\t<div class=\"elementor-widget-container\">\n\t\t\t\t\t\t\t<h2 style=\"font-family:'Quando'\">YACHTING COMPANY<\/h2>\t\t\t\t\t\t<\/div>\n\t\t\t\t<\/div>\n\t\t\t\t<div class=\"elementor-element elementor-element-c339d79 elementor-widget elementor-widget-text-editor\" data-id=\"c339d79\" data-element_type=\"widget\" data-widget_type=\"text-editor.default\">\n\t\t\t\t<div class=\"elementor-widget-container\">\n\t\t\t\t\t\t\t<p>YACHTING COMPANY<\/p>\t\t\t\t\t\t<\/div>\n\t\t\t\t<\/div>\n\t\t\t\t<div class=\"elementor-element elementor-element-afee4e9 elementor-widget elementor-widget-text-editor\" data-id=\"afee4e9\" data-element_type=\"widget\" data-widget_type=\"text-editor.default\">\n\t\t\t\t<div class=\"elementor-widget-container\">\n\t\t\t\t\t\t\t<p>Instalados en Palma de Mallorca, <strong>Staryachts Brokerage<\/strong> somos una oficina boutique que ahora puede brindarle sus muchos a\u00f1os de experiencia y experiencia en el mundo de la navegaci\u00f3n a usted como nuestro cliente, tanto para su pr\u00f3ximo yate como para actuar como su agente de ventas para su yate actual. Queremos permitirle a usted, el cliente, aprovechar al m\u00e1ximo la posibilidad de ser propietario del yate de sus sue\u00f1os.<\/p><p>Ofreciendo a nuestra clientela un enfoque personalizado para la propiedad de un yate, que analiza y cubre todos los diferentes sectores y responsabilidades de ser propietario de un yate, desde la nueva construcci\u00f3n o compra, hasta el mantenimiento y reacondicionamiento y, si es necesario, venderlo cuando Las necesidades o los tiempos han cambiado. Usted no es un cliente, es nuestro Cliente y queremos conservar a nuestros clientes el mayor tiempo posible.<\/p>\t\t\t\t\t\t<\/div>\n\t\t\t\t<\/div>\n\t\t\t\t\t<\/div>\n\t\t\t\t<\/div>\n\t\t<div class=\"elementor-element elementor-element-a3e9ebe e-flex e-con-boxed e-con e-parent\" data-id=\"a3e9ebe\" data-element_type=\"container\" data-settings=\"{&quot;background_background&quot;:&quot;classic&quot;}\">\n\t\t\t\t\t<div class=\"e-con-inner\">\n\t\t<div class=\"elementor-element elementor-element-c77a128 e-con-full animated-slow e-flex elementor-invisible e-con e-child\" data-id=\"c77a128\" data-element_type=\"container\" data-settings=\"{&quot;animation&quot;:&quot;fadeInLeft&quot;}\">\n\t\t\t\t<div class=\"elementor-element elementor-element-9b4b8dc elementor-widget elementor-widget-image\" data-id=\"9b4b8dc\" data-element_type=\"widget\" data-widget_type=\"image.default\">\n\t\t\t\t<div class=\"elementor-widget-container\">\n\t\t\t<style>\/*! elementor - v3.21.0 - 22-05-2024 *\/\n.elementor-widget-image{text-align:center}.elementor-widget-image a{display:inline-block}.elementor-widget-image a img[src$=\".svg\"]{width:48px}.elementor-widget-image img{vertical-align:middle;display:inline-block}<\/style>\t\t\t\t\t\t\t\t\t\t<img fetchpriority=\"high\" decoding=\"async\" width=\"735\" height=\"1024\" src=\"https:\/\/staryachts.es\/wp-content\/uploads\/2024\/01\/85bd5e363d536d6a4aa0dca168d4449819eebf3f-735x1024.jpg\" class=\"attachment-large size-large wp-image-149\" alt=\"\" srcset=\"https:\/\/staryachts.es\/wp-content\/uploads\/2024\/01\/85bd5e363d536d6a4aa0dca168d4449819eebf3f-735x1024.jpg 735w, https:\/\/staryachts.es\/wp-content\/uploads\/2024\/01\/85bd5e363d536d6a4aa0dca168d4449819eebf3f-215x300.jpg 215w, https:\/\/staryachts.es\/wp-content\/uploads\/2024\/01\/85bd5e363d536d6a4aa0dca168d4449819eebf3f-768x1069.jpg 768w, https:\/\/staryachts.es\/wp-content\/uploads\/2024\/01\/85bd5e363d536d6a4aa0dca168d4449819eebf3f.jpg 800w\" sizes=\"(max-width: 735px) 100vw, 735px\" \/>\t\t\t\t\t\t\t\t\t\t\t\t\t<\/div>\n\t\t\t\t<\/div>\n\t\t\t\t<\/div>\n\t\t<div class=\"elementor-element elementor-element-ce9c7b5 e-con-full animated-slow e-flex elementor-invisible e-con e-child\" data-id=\"ce9c7b5\" data-element_type=\"container\" data-settings=\"{&quot;animation&quot;:&quot;fadeIn&quot;}\">\n\t\t\t\t<div class=\"elementor-element elementor-element-f3dc26e elementor-widget elementor-widget-image\" data-id=\"f3dc26e\" data-element_type=\"widget\" data-widget_type=\"image.default\">\n\t\t\t\t<div class=\"elementor-widget-container\">\n\t\t\t\t\t\t\t\t\t\t\t\t\t<img decoding=\"async\" width=\"800\" height=\"578\" src=\"https:\/\/staryachts.es\/wp-content\/uploads\/2024\/01\/736c41c285dca7222877ab29187ef440b666c1f4.jpg\" class=\"attachment-large size-large wp-image-150\" alt=\"\" srcset=\"https:\/\/staryachts.es\/wp-content\/uploads\/2024\/01\/736c41c285dca7222877ab29187ef440b666c1f4.jpg 800w, https:\/\/staryachts.es\/wp-content\/uploads\/2024\/01\/736c41c285dca7222877ab29187ef440b666c1f4-300x217.jpg 300w, https:\/\/staryachts.es\/wp-content\/uploads\/2024\/01\/736c41c285dca7222877ab29187ef440b666c1f4-768x555.jpg 768w\" sizes=\"(max-width: 800px) 100vw, 800px\" \/>\t\t\t\t\t\t\t\t\t\t\t\t\t<\/div>\n\t\t\t\t<\/div>\n\t\t\t\t<\/div>\n\t\t<div class=\"elementor-element elementor-element-804d9f1 e-con-full animated-slow e-flex elementor-invisible e-con e-child\" data-id=\"804d9f1\" data-element_type=\"container\" data-settings=\"{&quot;animation&quot;:&quot;fadeInRight&quot;}\">\n\t\t\t\t<div class=\"elementor-element elementor-element-1ef9bc5 elementor-widget elementor-widget-image\" data-id=\"1ef9bc5\" data-element_type=\"widget\" data-widget_type=\"image.default\">\n\t\t\t\t<div class=\"elementor-widget-container\">\n\t\t\t\t\t\t\t\t\t\t\t\t\t<img decoding=\"async\" width=\"735\" height=\"1024\" src=\"https:\/\/staryachts.es\/wp-content\/uploads\/2024\/01\/07ab88f21f42354a1063869bebd7c5e6706da993-735x1024.jpg\" class=\"attachment-large size-large wp-image-151\" alt=\"\" srcset=\"https:\/\/staryachts.es\/wp-content\/uploads\/2024\/01\/07ab88f21f42354a1063869bebd7c5e6706da993-735x1024.jpg 735w, https:\/\/staryachts.es\/wp-content\/uploads\/2024\/01\/07ab88f21f42354a1063869bebd7c5e6706da993-215x300.jpg 215w, https:\/\/staryachts.es\/wp-content\/uploads\/2024\/01\/07ab88f21f42354a1063869bebd7c5e6706da993-768x1069.jpg 768w, https:\/\/staryachts.es\/wp-content\/uploads\/2024\/01\/07ab88f21f42354a1063869bebd7c5e6706da993.jpg 800w\" sizes=\"(max-width: 735px) 100vw, 735px\" \/>\t\t\t\t\t\t\t\t\t\t\t\t\t<\/div>\n\t\t\t\t<\/div>\n\t\t\t\t<\/div>\n\t\t\t\t\t<\/div>\n\t\t\t\t<\/div>\n\t\t<div class=\"elementor-element elementor-element-c080918 e-flex e-con-boxed e-con e-parent\" data-id=\"c080918\" data-element_type=\"container\">\n\t\t\t\t\t<div class=\"e-con-inner\">\n\t\t\t\t<div class=\"elementor-element elementor-element-fc46836 elementor-widget elementor-widget-text-editor\" data-id=\"fc46836\" data-element_type=\"widget\" data-widget_type=\"text-editor.default\">\n\t\t\t\t<div class=\"elementor-widget-container\">\n\t\t\t\t\t\t\t<p>Si est\u00e1 buscando experiencia, conocimientos y, sobre todo, respeto y confianza brindados con un asesoramiento honesto y justo en el mundo de la navegaci\u00f3n a vela, para que pueda emprender el viaje hacia la propiedad con el menor estr\u00e9s posible, entonces ha llegado al lugar ideal. equipo que puede hacerlo realidad.<\/p><p>Si est\u00e1s buscando un <strong>Superyate, multicasco o monocasco<\/strong> de cualquier tama\u00f1o, y puede ser un yate a motor o un yate de vela de 50 pies, entonces considere sus opciones y perm\u00edtanos ayudarlo en su b\u00fasqueda.<\/p><p>Todo lo que necesitamos de usted es que tenga tiempo para comprenderlo a usted y sus deseos y necesidades y luego podremos ayudarlo.\u00a0\u00a0<\/p><p>Para completar la imagen y su viaje como propietario de un yate, permaneceremos a su lado durante el per\u00edodo posventa y m\u00e1s all\u00e1. Con nuestros servicios para nuestros clientes que van desde la gesti\u00f3n de ch\u00e1rter y gesti\u00f3n de yates hasta el reclutamiento de tripulaciones, el empleo y el registro y m\u00e1s, estaremos a su lado durante todo su viaje como propietario de un yate, siempre que usted desee que lo estemos.<\/p>\t\t\t\t\t\t<\/div>\n\t\t\t\t<\/div>\n\t\t\t\t\t<\/div>\n\t\t\t\t<\/div>\n\t\t<div class=\"elementor-element elementor-element-a453685 animated-slow e-flex e-con-boxed elementor-invisible e-con e-parent\" data-id=\"a453685\" data-element_type=\"container\" data-settings=\"{&quot;background_background&quot;:&quot;classic&quot;,&quot;animation&quot;:&quot;fadeIn&quot;,&quot;shape_divider_bottom&quot;:&quot;mountains&quot;}\">\n\t\t\t\t\t<div class=\"e-con-inner\">\n\t\t\t\t<div class=\"elementor-shape elementor-shape-bottom\" data-negative=\"false\">\n\t\t\t<svg xmlns=\"http:\/\/www.w3.org\/2000\/svg\" viewbox=\"0 0 1000 100\" preserveaspectratio=\"none\">\n\t<path class=\"elementor-shape-fill\" opacity=\"0.33\" d=\"M473,67.3c-203.9,88.3-263.1-34-320.3,0C66,119.1,0,59.7,0,59.7V0h1000v59.7 c0,0-62.1,26.1-94.9,29.3c-32.8,3.3-62.8-12.3-75.8-22.1C806,49.6,745.3,8.7,694.9,4.7S492.4,59,473,67.3z\"\/>\n\t<path class=\"elementor-shape-fill\" opacity=\"0.66\" d=\"M734,67.3c-45.5,0-77.2-23.2-129.1-39.1c-28.6-8.7-150.3-10.1-254,39.1 s-91.7-34.4-149.2,0C115.7,118.3,0,39.8,0,39.8V0h1000v36.5c0,0-28.2-18.5-92.1-18.5C810.2,18.1,775.7,67.3,734,67.3z\"\/>\n\t<path class=\"elementor-shape-fill\" d=\"M766.1,28.9c-200-57.5-266,65.5-395.1,19.5C242,1.8,242,5.4,184.8,20.6C128,35.8,132.3,44.9,89.9,52.5C28.6,63.7,0,0,0,0 h1000c0,0-9.9,40.9-83.6,48.1S829.6,47,766.1,28.9z\"\/>\n<\/svg>\t\t<\/div>\n\t\t<div class=\"elementor-element elementor-element-2367473 e-con-full e-flex e-con e-child\" data-id=\"2367473\" data-element_type=\"container\">\n\t\t\t\t<div class=\"elementor-element elementor-element-d608194 elementor-widget elementor-widget-text-editor\" data-id=\"d608194\" data-element_type=\"widget\" data-widget_type=\"text-editor.default\">\n\t\t\t\t<div class=\"elementor-widget-container\">\n\t\t\t\t\t\t\t<p>Descubre nuestros yates<\/p>\t\t\t\t\t\t<\/div>\n\t\t\t\t<\/div>\n\t\t\t\t<div class=\"elementor-element elementor-element-4a660aa elementor-align-center elementor-widget elementor-widget-button\" data-id=\"4a660aa\" data-element_type=\"widget\" data-widget_type=\"button.default\">\n\t\t\t\t<div class=\"elementor-widget-container\">\n\t\t\t\t\t<div class=\"elementor-button-wrapper\">\n\t\t\t<a class=\"elementor-button elementor-button-link elementor-size-md\" href=\"https:\/\/staryachts.es\/es\/buy\/\">\n\t\t\t\t\t\t<span class=\"elementor-button-content-wrapper\">\n\t\t\t\t\t\t\t\t\t<span class=\"elementor-button-text\">Explorar<\/span>\n\t\t\t\t\t<\/span>\n\t\t\t\t\t<\/a>\n\t\t<\/div>\n\t\t\t\t<\/div>\n\t\t\t\t<\/div>\n\t\t\t\t<\/div>\n\t\t\t\t\t<\/div>\n\t\t\t\t<\/div>\n\t\t<div data-premium-element-link=\"{&quot;type&quot;:&quot;url&quot;,&quot;link&quot;:{&quot;url&quot;:&quot;https:\\\/\\\/staryachts.es\\\/contact\\\/&quot;,&quot;is_external&quot;:&quot;&quot;,&quot;nofollow&quot;:&quot;&quot;,&quot;custom_attributes&quot;:&quot;&quot;},&quot;href&quot;:&quot;https:\\\/\\\/staryachts.es\\\/contact\\\/&quot;}\" style=\"cursor: pointer\" class=\"elementor-element elementor-element-7b4a508f e-con-full e-flex e-con e-parent\" data-id=\"7b4a508f\" data-element_type=\"container\">\n\t\t<div class=\"elementor-element elementor-element-30310fbd e-con-full e-flex e-con e-child\" data-id=\"30310fbd\" data-element_type=\"container\" data-settings=\"{&quot;background_background&quot;:&quot;classic&quot;}\">\n\t\t\t\t<div class=\"elementor-element elementor-element-2034591b elementor-widget elementor-widget-text-editor\" data-id=\"2034591b\" data-element_type=\"widget\" data-widget_type=\"text-editor.default\">\n\t\t\t\t<div class=\"elementor-widget-container\">\n\t\t\t\t\t\t\t<span style=\"color: #ffffff;\">Get in touch >><\/span>\n\t\t\t\t\t\t<\/div>\n\t\t\t\t<\/div>\n\t\t\t\t<\/div>\n\t\t\t\t<\/div>\n\t\t\t\t<\/div>","protected":false},"excerpt":{"rendered":"<p>Yachts for sale YACHTING COMPANY YACHTING COMPANY Based, In Palma de Mallorca, Staryachts Brokerage are a boutique office who can now provide their many years of the yachting world expertise and experience to you as our client, both for your next yacht and acting as your Sales Agent for your existing yacht. We want to [&hellip;]<\/p>","protected":false},"author":1,"featured_media":149,"parent":0,"menu_order":0,"comment_status":"closed","ping_status":"closed","template":"","meta":{"footnotes":""},"class_list":["post-17","page","type-page","status-publish","has-post-thumbnail","hentry","wpbf-post"],"yoast_head":"<!-- This site is optimized with the Yoast SEO plugin v22.7 - https:\/\/yoast.com\/wordpress\/plugins\/seo\/ -->\n<title>Yachts for sale in Mallorca | StarYachts<\/title>\n<meta name=\"description\" content=\"Staryachts Brokerage are a boutique office who can now provide their many years of the yachting world expertise and experience to you as our client.\" \/>\n<meta name=\"robots\" content=\"index, follow, max-snippet:-1, max-image-preview:large, max-video-preview:-1\" \/>\n<link rel=\"canonical\" href=\"https:\/\/staryachts.es\/es\/\" \/>\n<meta property=\"og:locale\" content=\"es_ES\" \/>\n<meta property=\"og:type\" content=\"article\" \/>\n<meta property=\"og:title\" content=\"Yachts for sale in Mallorca | StarYachts\" \/>\n<meta property=\"og:description\" content=\"Staryachts Brokerage are a boutique office who can now provide their many years of the yachting world expertise and experience to you as our client.\" \/>\n<meta property=\"og:url\" content=\"https:\/\/staryachts.es\/es\/\" \/>\n<meta property=\"og:site_name\" content=\"StarYachts\" \/>\n<meta property=\"article:modified_time\" content=\"2025-03-18T11:44:41+00:00\" \/>\n<meta property=\"og:image\" content=\"https:\/\/staryachts.es\/wp-content\/uploads\/2024\/01\/85bd5e363d536d6a4aa0dca168d4449819eebf3f.jpg\" \/>\n\t<meta property=\"og:image:width\" content=\"800\" \/>\n\t<meta property=\"og:image:height\" content=\"1114\" \/>\n\t<meta property=\"og:image:type\" content=\"image\/jpeg\" \/>\n<meta name=\"twitter:card\" content=\"summary_large_image\" \/>\n<meta name=\"twitter:label1\" content=\"Tiempo de lectura\" \/>\n\t<meta name=\"twitter:data1\" content=\"3 minutos\" \/>\n<script type=\"application\/ld+json\" class=\"yoast-schema-graph\">{\"@context\":\"https:\/\/schema.org\",\"@graph\":[{\"@type\":\"WebPage\",\"@id\":\"https:\/\/staryachts.es\/\",\"url\":\"https:\/\/staryachts.es\/\",\"name\":\"Yachts for sale in Mallorca | StarYachts\",\"isPartOf\":{\"@id\":\"https:\/\/staryachts.es\/#website\"},\"primaryImageOfPage\":{\"@id\":\"https:\/\/staryachts.es\/#primaryimage\"},\"image\":{\"@id\":\"https:\/\/staryachts.es\/#primaryimage\"},\"thumbnailUrl\":\"https:\/\/staryachts.es\/wp-content\/uploads\/2024\/01\/85bd5e363d536d6a4aa0dca168d4449819eebf3f.jpg\",\"datePublished\":\"2024-01-24T17:27:30+00:00\",\"dateModified\":\"2025-03-18T11:44:41+00:00\",\"description\":\"Staryachts Brokerage are a boutique office who can now provide their many years of the yachting world expertise and experience to you as our client.\",\"breadcrumb\":{\"@id\":\"https:\/\/staryachts.es\/#breadcrumb\"},\"inLanguage\":\"es\",\"potentialAction\":[{\"@type\":\"ReadAction\",\"target\":[\"https:\/\/staryachts.es\/\"]}]},{\"@type\":\"ImageObject\",\"inLanguage\":\"es\",\"@id\":\"https:\/\/staryachts.es\/#primaryimage\",\"url\":\"https:\/\/staryachts.es\/wp-content\/uploads\/2024\/01\/85bd5e363d536d6a4aa0dca168d4449819eebf3f.jpg\",\"contentUrl\":\"https:\/\/staryachts.es\/wp-content\/uploads\/2024\/01\/85bd5e363d536d6a4aa0dca168d4449819eebf3f.jpg\",\"width\":800,\"height\":1114},{\"@type\":\"BreadcrumbList\",\"@id\":\"https:\/\/staryachts.es\/#breadcrumb\",\"itemListElement\":[{\"@type\":\"ListItem\",\"position\":1,\"name\":\"Home\",\"item\":\"https:\/\/staryachts.es\/\"},{\"@type\":\"ListItem\",\"position\":2,\"name\":\"Home\"}]},{\"@type\":\"WebSite\",\"@id\":\"https:\/\/staryachts.es\/#website\",\"url\":\"https:\/\/staryachts.es\/\",\"name\":\"StarYachts\",\"description\":\"\",\"publisher\":{\"@id\":\"https:\/\/staryachts.es\/#organization\"},\"potentialAction\":[{\"@type\":\"SearchAction\",\"target\":{\"@type\":\"EntryPoint\",\"urlTemplate\":\"https:\/\/staryachts.es\/?s={search_term_string}\"},\"query-input\":\"required name=search_term_string\"}],\"inLanguage\":\"es\"},{\"@type\":\"Organization\",\"@id\":\"https:\/\/staryachts.es\/#organization\",\"name\":\"STARYACHTS\",\"url\":\"https:\/\/staryachts.es\/\",\"logo\":{\"@type\":\"ImageObject\",\"inLanguage\":\"es\",\"@id\":\"https:\/\/staryachts.es\/#\/schema\/logo\/image\/\",\"url\":\"https:\/\/staryachts.es\/wp-content\/uploads\/2024\/02\/webpc-passthru-1.jpg\",\"contentUrl\":\"https:\/\/staryachts.es\/wp-content\/uploads\/2024\/02\/webpc-passthru-1.jpg\",\"width\":1500,\"height\":1000,\"caption\":\"STARYACHTS\"},\"image\":{\"@id\":\"https:\/\/staryachts.es\/#\/schema\/logo\/image\/\"}}]}<\/script>\n<!-- \/ Yoast SEO plugin. -->","yoast_head_json":{"title":"Yachts for sale in Mallorca | StarYachts","description":"Staryachts Brokerage are a boutique office who can now provide their many years of the yachting world expertise and experience to you as our client.","robots":{"index":"index","follow":"follow","max-snippet":"max-snippet:-1","max-image-preview":"max-image-preview:large","max-video-preview":"max-video-preview:-1"},"canonical":"https:\/\/staryachts.es\/es\/","og_locale":"es_ES","og_type":"article","og_title":"Yachts for sale in Mallorca | StarYachts","og_description":"Staryachts Brokerage are a boutique office who can now provide their many years of the yachting world expertise and experience to you as our client.","og_url":"https:\/\/staryachts.es\/es\/","og_site_name":"StarYachts","article_modified_time":"2025-03-18T11:44:41+00:00","og_image":[{"width":800,"height":1114,"url":"https:\/\/staryachts.es\/wp-content\/uploads\/2024\/01\/85bd5e363d536d6a4aa0dca168d4449819eebf3f.jpg","type":"image\/jpeg"}],"twitter_card":"summary_large_image","twitter_misc":{"Tiempo de lectura":"3 minutos"},"schema":{"@context":"https:\/\/schema.org","@graph":[{"@type":"WebPage","@id":"https:\/\/staryachts.es\/","url":"https:\/\/staryachts.es\/","name":"Yachts for sale in Mallorca | StarYachts","isPartOf":{"@id":"https:\/\/staryachts.es\/#website"},"primaryImageOfPage":{"@id":"https:\/\/staryachts.es\/#primaryimage"},"image":{"@id":"https:\/\/staryachts.es\/#primaryimage"},"thumbnailUrl":"https:\/\/staryachts.es\/wp-content\/uploads\/2024\/01\/85bd5e363d536d6a4aa0dca168d4449819eebf3f.jpg","datePublished":"2024-01-24T17:27:30+00:00","dateModified":"2025-03-18T11:44:41+00:00","description":"Staryachts Brokerage are a boutique office who can now provide their many years of the yachting world expertise and experience to you as our client.","breadcrumb":{"@id":"https:\/\/staryachts.es\/#breadcrumb"},"inLanguage":"es","potentialAction":[{"@type":"ReadAction","target":["https:\/\/staryachts.es\/"]}]},{"@type":"ImageObject","inLanguage":"es","@id":"https:\/\/staryachts.es\/#primaryimage","url":"https:\/\/staryachts.es\/wp-content\/uploads\/2024\/01\/85bd5e363d536d6a4aa0dca168d4449819eebf3f.jpg","contentUrl":"https:\/\/staryachts.es\/wp-content\/uploads\/2024\/01\/85bd5e363d536d6a4aa0dca168d4449819eebf3f.jpg","width":800,"height":1114},{"@type":"BreadcrumbList","@id":"https:\/\/staryachts.es\/#breadcrumb","itemListElement":[{"@type":"ListItem","position":1,"name":"Home","item":"https:\/\/staryachts.es\/"},{"@type":"ListItem","position":2,"name":"Home"}]},{"@type":"WebSite","@id":"https:\/\/staryachts.es\/#website","url":"https:\/\/staryachts.es\/","name":"StarYachts","description":"","publisher":{"@id":"https:\/\/staryachts.es\/#organization"},"potentialAction":[{"@type":"SearchAction","target":{"@type":"EntryPoint","urlTemplate":"https:\/\/staryachts.es\/?s={search_term_string}"},"query-input":"required name=search_term_string"}],"inLanguage":"es"},{"@type":"Organization","@id":"https:\/\/staryachts.es\/#organization","name":"STARYACHTS","url":"https:\/\/staryachts.es\/","logo":{"@type":"ImageObject","inLanguage":"es","@id":"https:\/\/staryachts.es\/#\/schema\/logo\/image\/","url":"https:\/\/staryachts.es\/wp-content\/uploads\/2024\/02\/webpc-passthru-1.jpg","contentUrl":"https:\/\/staryachts.es\/wp-content\/uploads\/2024\/02\/webpc-passthru-1.jpg","width":1500,"height":1000,"caption":"STARYACHTS"},"image":{"@id":"https:\/\/staryachts.es\/#\/schema\/logo\/image\/"}}]}},"_links":{"self":[{"href":"https:\/\/staryachts.es\/es\/wp-json\/wp\/v2\/pages\/17","targetHints":{"allow":["GET"]}}],"collection":[{"href":"https:\/\/staryachts.es\/es\/wp-json\/wp\/v2\/pages"}],"about":[{"href":"https:\/\/staryachts.es\/es\/wp-json\/wp\/v2\/types\/page"}],"author":[{"embeddable":true,"href":"https:\/\/staryachts.es\/es\/wp-json\/wp\/v2\/users\/1"}],"replies":[{"embeddable":true,"href":"https:\/\/staryachts.es\/es\/wp-json\/wp\/v2\/comments?post=17"}],"version-history":[{"count":277,"href":"https:\/\/staryachts.es\/es\/wp-json\/wp\/v2\/pages\/17\/revisions"}],"predecessor-version":[{"id":1328,"href":"https:\/\/staryachts.es\/es\/wp-json\/wp\/v2\/pages\/17\/revisions\/1328"}],"wp:featuredmedia":[{"embeddable":true,"href":"https:\/\/staryachts.es\/es\/wp-json\/wp\/v2\/media\/149"}],"wp:attachment":[{"href":"https:\/\/staryachts.es\/es\/wp-json\/wp\/v2\/media?parent=17"}],"curies":[{"name":"wp","href":"https:\/\/api.w.org\/{rel}","templated":true}]}}