{"id":300,"date":"2024-01-27T16:31:55","date_gmt":"2024-01-27T15:31:55","guid":{"rendered":"https:\/\/staryachts.es\/?page_id=300"},"modified":"2025-03-18T12:46:09","modified_gmt":"2025-03-18T11:46:09","slug":"sell","status":"publish","type":"page","link":"https:\/\/staryachts.es\/de\/sell\/","title":{"rendered":"Verkaufen"},"content":{"rendered":"<div data-elementor-type=\"wp-page\" data-elementor-id=\"300\" class=\"elementor elementor-300\" data-elementor-post-type=\"page\">\n\t\t\t\t<div class=\"elementor-element elementor-element-1155c73 e-con-full e-flex e-con e-parent\" data-id=\"1155c73\" data-element_type=\"container\" data-settings=\"{&quot;background_background&quot;:&quot;classic&quot;,&quot;shape_divider_bottom&quot;:&quot;mountains&quot;}\">\n\t\t\t\t<div class=\"elementor-shape elementor-shape-bottom\" data-negative=\"false\">\n\t\t\t<svg xmlns=\"http:\/\/www.w3.org\/2000\/svg\" viewbox=\"0 0 1000 100\" preserveaspectratio=\"none\">\n\t<path class=\"elementor-shape-fill\" opacity=\"0.33\" d=\"M473,67.3c-203.9,88.3-263.1-34-320.3,0C66,119.1,0,59.7,0,59.7V0h1000v59.7 c0,0-62.1,26.1-94.9,29.3c-32.8,3.3-62.8-12.3-75.8-22.1C806,49.6,745.3,8.7,694.9,4.7S492.4,59,473,67.3z\"\/>\n\t<path class=\"elementor-shape-fill\" opacity=\"0.66\" d=\"M734,67.3c-45.5,0-77.2-23.2-129.1-39.1c-28.6-8.7-150.3-10.1-254,39.1 s-91.7-34.4-149.2,0C115.7,118.3,0,39.8,0,39.8V0h1000v36.5c0,0-28.2-18.5-92.1-18.5C810.2,18.1,775.7,67.3,734,67.3z\"\/>\n\t<path class=\"elementor-shape-fill\" d=\"M766.1,28.9c-200-57.5-266,65.5-395.1,19.5C242,1.8,242,5.4,184.8,20.6C128,35.8,132.3,44.9,89.9,52.5C28.6,63.7,0,0,0,0 h1000c0,0-9.9,40.9-83.6,48.1S829.6,47,766.1,28.9z\"\/>\n<\/svg>\t\t<\/div>\n\t\t\t\t<div class=\"elementor-element elementor-element-3073a20 elementor-widget elementor-widget-text-editor\" data-id=\"3073a20\" data-element_type=\"widget\" data-widget_type=\"text-editor.default\">\n\t\t\t\t<div class=\"elementor-widget-container\">\n\t\t\t<style>\/*! elementor - v3.21.0 - 22-05-2024 *\/\n.elementor-widget-text-editor.elementor-drop-cap-view-stacked .elementor-drop-cap{background-color:#69727d;color:#fff}.elementor-widget-text-editor.elementor-drop-cap-view-framed .elementor-drop-cap{color:#69727d;border:3px solid;background-color:transparent}.elementor-widget-text-editor:not(.elementor-drop-cap-view-default) .elementor-drop-cap{margin-top:8px}.elementor-widget-text-editor:not(.elementor-drop-cap-view-default) .elementor-drop-cap-letter{width:1em;height:1em}.elementor-widget-text-editor .elementor-drop-cap{float:left;text-align:center;line-height:1;font-size:50px}.elementor-widget-text-editor .elementor-drop-cap-letter{display:inline-block}<\/style>\t\t\t\t<h1 style=\"font-size: 50px; color: white;\">Selling a Yacht\u00a0<\/h1>\t\t\t\t\t\t<\/div>\n\t\t\t\t<\/div>\n\t\t\t\t<\/div>\n\t\t<div class=\"elementor-element elementor-element-c7e79e4 animated-slow e-flex e-con-boxed elementor-invisible e-con e-parent\" data-id=\"c7e79e4\" data-element_type=\"container\" data-settings=\"{&quot;animation&quot;:&quot;fadeIn&quot;}\">\n\t\t\t\t\t<div class=\"e-con-inner\">\n\t\t\t\t<div class=\"elementor-element elementor-element-762aa00 elementor-widget elementor-widget-spacer\" data-id=\"762aa00\" data-element_type=\"widget\" data-widget_type=\"spacer.default\">\n\t\t\t\t<div class=\"elementor-widget-container\">\n\t\t\t<style>\/*! elementor - v3.21.0 - 22-05-2024 *\/\n.elementor-column .elementor-spacer-inner{height:var(--spacer-size)}.e-con{--container-widget-width:100%}.e-con-inner>.elementor-widget-spacer,.e-con>.elementor-widget-spacer{width:var(--container-widget-width,var(--spacer-size));--align-self:var(--container-widget-align-self,initial);--flex-shrink:0}.e-con-inner>.elementor-widget-spacer>.elementor-widget-container,.e-con>.elementor-widget-spacer>.elementor-widget-container{height:100%;width:100%}.e-con-inner>.elementor-widget-spacer>.elementor-widget-container>.elementor-spacer,.e-con>.elementor-widget-spacer>.elementor-widget-container>.elementor-spacer{height:100%}.e-con-inner>.elementor-widget-spacer>.elementor-widget-container>.elementor-spacer>.elementor-spacer-inner,.e-con>.elementor-widget-spacer>.elementor-widget-container>.elementor-spacer>.elementor-spacer-inner{height:var(--container-widget-height,var(--spacer-size))}.e-con-inner>.elementor-widget-spacer.elementor-widget-empty,.e-con>.elementor-widget-spacer.elementor-widget-empty{position:relative;min-height:22px;min-width:22px}.e-con-inner>.elementor-widget-spacer.elementor-widget-empty .elementor-widget-empty-icon,.e-con>.elementor-widget-spacer.elementor-widget-empty .elementor-widget-empty-icon{position:absolute;top:0;bottom:0;left:0;right:0;margin:auto;padding:0;width:22px;height:22px}<\/style>\t\t<div class=\"elementor-spacer\">\n\t\t\t<div class=\"elementor-spacer-inner\"><\/div>\n\t\t<\/div>\n\t\t\t\t<\/div>\n\t\t\t\t<\/div>\n\t\t\t\t<div class=\"elementor-element elementor-element-d23d081 elementor-widget elementor-widget-text-editor\" data-id=\"d23d081\" data-element_type=\"widget\" data-widget_type=\"text-editor.default\">\n\t\t\t\t<div class=\"elementor-widget-container\">\n\t\t\t\t\t\t\t<p>MARKET INTELLIGENCE<\/p>\t\t\t\t\t\t<\/div>\n\t\t\t\t<\/div>\n\t\t\t\t<div class=\"elementor-element elementor-element-c339d79 elementor-widget elementor-widget-text-editor\" data-id=\"c339d79\" data-element_type=\"widget\" data-widget_type=\"text-editor.default\">\n\t\t\t\t<div class=\"elementor-widget-container\">\n\t\t\t\t\t\t\t<p>MARKET INTELLIGENCE<\/p>\t\t\t\t\t\t<\/div>\n\t\t\t\t<\/div>\n\t\t\t\t<div class=\"elementor-element elementor-element-afee4e9 elementor-widget elementor-widget-text-editor\" data-id=\"afee4e9\" data-element_type=\"widget\" data-widget_type=\"text-editor.default\">\n\t\t\t\t<div class=\"elementor-widget-container\">\n\t\t\t\t\t\t\t<p>Wenn Sie Ihre Luxusyacht verkaufen m\u00f6chten, m\u00fcssen Sie nicht suchen. Wir sind spezialisierte Berater f\u00fcr Luxusyachten, die mit komplexem Wissen, ehrlicher und transparenter Beratung sowie unvergleichlicher Teamarbeit zu einem erfolgreichen Verkauf beitragen.<\/p><p>Um echte Marktbotschaften zu verstehen, sind genaue Marktinformationen und Erfahrung erforderlich. Bei all unserer Arbeit zielen wir darauf ab, f\u00fcr Sie als Kunden auf dem heutigen Bootsmarkt die besten Ergebnisse zu erzielen. Daher ist es eine kluge Entscheidung, uns als Ihren Exklusivvertreter zu beauftragen, wenn Sie erfolgreiche Verkaufsergebnisse erzielen m\u00f6chten.<\/p><p>Wir listen derzeit Yachten auf verschiedenen der beliebtesten Listing-Websites auf und nehmen an gro\u00dfen internationalen Messen teil. Wir verf\u00fcgen au\u00dferdem \u00fcber langj\u00e4hrige Beziehungen zu vielen der Top-Makler sowie Zugang zu vielen Maklern und Maklern aus den 2000er-Jahren, die uns bei unserer Arbeit unterst\u00fctzen k\u00f6nnen. In Kombination mit einer vereinbarten Marketingkampagne, die mit allen uns zur Verf\u00fcgung stehenden Kan\u00e4len funktioniert, wie zum Beispiel: hochwertige Fotografie und Pr\u00e4sentationen, mit personalisierten Videos, in mehreren Sprachen, sozialen Netzwerken, Websites, der Bootspresse und der Makler-Community, werden positive Ergebnisse erzielt.<\/p><p>Wir erstellen einen spezifischen Marketingplan f\u00fcr Ihre Yacht, der den Bed\u00fcrfnissen von Ihnen, dem Kunden oder Ihrer Yacht entspricht, um eine maximale Pr\u00e4senz bei qualifizierten potenziellen K\u00e4ufern zu gew\u00e4hrleisten. Wir setzen uns ebenso wie Sie daf\u00fcr ein, dass Ihre Yacht in k\u00fcrzester Zeit zum richtigen Preis verkauft wird.<\/p>\t\t\t\t\t\t<\/div>\n\t\t\t\t<\/div>\n\t\t\t\t\t<\/div>\n\t\t\t\t<\/div>\n\t\t<div data-premium-element-link=\"{&quot;type&quot;:&quot;url&quot;,&quot;link&quot;:{&quot;url&quot;:&quot;https:\\\/\\\/staryachts.es\\\/contact\\\/&quot;,&quot;is_external&quot;:&quot;&quot;,&quot;nofollow&quot;:&quot;&quot;,&quot;custom_attributes&quot;:&quot;&quot;},&quot;href&quot;:&quot;https:\\\/\\\/staryachts.es\\\/contact\\\/&quot;}\" style=\"cursor: pointer\" class=\"elementor-element elementor-element-33850d1b e-con-full e-flex e-con e-parent\" data-id=\"33850d1b\" data-element_type=\"container\">\n\t\t<div class=\"elementor-element elementor-element-73c46911 e-con-full e-flex e-con e-child\" data-id=\"73c46911\" data-element_type=\"container\" data-settings=\"{&quot;background_background&quot;:&quot;classic&quot;}\">\n\t\t\t\t<div class=\"elementor-element elementor-element-65cfe040 elementor-widget elementor-widget-text-editor\" data-id=\"65cfe040\" data-element_type=\"widget\" data-widget_type=\"text-editor.default\">\n\t\t\t\t<div class=\"elementor-widget-container\">\n\t\t\t\t\t\t\t<span style=\"color: #ffffff;\">Get in touch >><\/span>\n\t\t\t\t\t\t<\/div>\n\t\t\t\t<\/div>\n\t\t\t\t<\/div>\n\t\t\t\t<\/div>\n\t\t<div class=\"elementor-element elementor-element-a453685 animated-slow e-flex e-con-boxed elementor-invisible e-con e-parent\" data-id=\"a453685\" data-element_type=\"container\" data-settings=\"{&quot;background_background&quot;:&quot;classic&quot;,&quot;animation&quot;:&quot;fadeIn&quot;,&quot;shape_divider_bottom&quot;:&quot;mountains&quot;}\">\n\t\t\t\t\t<div class=\"e-con-inner\">\n\t\t\t\t<div class=\"elementor-shape elementor-shape-bottom\" data-negative=\"false\">\n\t\t\t<svg xmlns=\"http:\/\/www.w3.org\/2000\/svg\" viewbox=\"0 0 1000 100\" preserveaspectratio=\"none\">\n\t<path class=\"elementor-shape-fill\" opacity=\"0.33\" d=\"M473,67.3c-203.9,88.3-263.1-34-320.3,0C66,119.1,0,59.7,0,59.7V0h1000v59.7 c0,0-62.1,26.1-94.9,29.3c-32.8,3.3-62.8-12.3-75.8-22.1C806,49.6,745.3,8.7,694.9,4.7S492.4,59,473,67.3z\"\/>\n\t<path class=\"elementor-shape-fill\" opacity=\"0.66\" d=\"M734,67.3c-45.5,0-77.2-23.2-129.1-39.1c-28.6-8.7-150.3-10.1-254,39.1 s-91.7-34.4-149.2,0C115.7,118.3,0,39.8,0,39.8V0h1000v36.5c0,0-28.2-18.5-92.1-18.5C810.2,18.1,775.7,67.3,734,67.3z\"\/>\n\t<path class=\"elementor-shape-fill\" d=\"M766.1,28.9c-200-57.5-266,65.5-395.1,19.5C242,1.8,242,5.4,184.8,20.6C128,35.8,132.3,44.9,89.9,52.5C28.6,63.7,0,0,0,0 h1000c0,0-9.9,40.9-83.6,48.1S829.6,47,766.1,28.9z\"\/>\n<\/svg>\t\t<\/div>\n\t\t<div class=\"elementor-element elementor-element-2367473 e-con-full e-flex e-con e-child\" data-id=\"2367473\" data-element_type=\"container\">\n\t\t\t\t<div class=\"elementor-element elementor-element-d608194 elementor-widget elementor-widget-text-editor\" data-id=\"d608194\" data-element_type=\"widget\" data-widget_type=\"text-editor.default\">\n\t\t\t\t<div class=\"elementor-widget-container\">\n\t\t\t\t\t\t\t<p>Entdecken Sie unsere Yachten<\/p>\t\t\t\t\t\t<\/div>\n\t\t\t\t<\/div>\n\t\t\t\t<div class=\"elementor-element elementor-element-4a660aa elementor-align-center elementor-widget elementor-widget-button\" data-id=\"4a660aa\" data-element_type=\"widget\" data-widget_type=\"button.default\">\n\t\t\t\t<div class=\"elementor-widget-container\">\n\t\t\t\t\t<div class=\"elementor-button-wrapper\">\n\t\t\t<a class=\"elementor-button elementor-button-link elementor-size-md\" href=\"https:\/\/staryachts.es\/de\/buy\/\">\n\t\t\t\t\t\t<span class=\"elementor-button-content-wrapper\">\n\t\t\t\t\t\t\t\t\t<span class=\"elementor-button-text\">Erkunden<\/span>\n\t\t\t\t\t<\/span>\n\t\t\t\t\t<\/a>\n\t\t<\/div>\n\t\t\t\t<\/div>\n\t\t\t\t<\/div>\n\t\t\t\t<\/div>\n\t\t\t\t\t<\/div>\n\t\t\t\t<\/div>\n\t\t\t\t<\/div>","protected":false},"excerpt":{"rendered":"<p>Selling a Yacht\u00a0 MARKET INTELLIGENCE MARKET INTELLIGENCE If you are looking to sell your luxury yacht, then you need to look no further than Staryachts. We are specialists\u2019 consultants working within the luxury yachts over 20m in-depth marketing knowledge, honest and transparent advice along with unparalleled teamwork all contribute to a successful sale. It takes [&hellip;]<\/p>","protected":false},"author":1,"featured_media":0,"parent":0,"menu_order":0,"comment_status":"closed","ping_status":"closed","template":"","meta":{"footnotes":""},"class_list":["post-300","page","type-page","status-publish","hentry","wpbf-post"],"yoast_head":"<!-- This site is optimized with the Yoast SEO plugin v22.7 - https:\/\/yoast.com\/wordpress\/plugins\/seo\/ -->\n<title>Selling a Yacht in Mallorca | StarYachts<\/title>\n<meta name=\"description\" content=\"Sell \u200b\u200byour yacht in Mallorca the smart way. The best team of consultants and experienced professionals. Sell \u200b\u200byour yacht successfully.\" \/>\n<meta name=\"robots\" content=\"index, follow, max-snippet:-1, max-image-preview:large, max-video-preview:-1\" \/>\n<link rel=\"canonical\" href=\"https:\/\/staryachts.es\/de\/sell\/\" \/>\n<meta property=\"og:locale\" content=\"de_DE\" \/>\n<meta property=\"og:type\" content=\"article\" \/>\n<meta property=\"og:title\" content=\"Selling a Yacht in Mallorca | StarYachts\" \/>\n<meta property=\"og:description\" content=\"Sell \u200b\u200byour yacht in Mallorca the smart way. The best team of consultants and experienced professionals. Sell \u200b\u200byour yacht successfully.\" \/>\n<meta property=\"og:url\" content=\"https:\/\/staryachts.es\/de\/sell\/\" \/>\n<meta property=\"og:site_name\" content=\"StarYachts\" \/>\n<meta property=\"article:modified_time\" content=\"2025-03-18T11:46:09+00:00\" \/>\n<meta name=\"twitter:card\" content=\"summary_large_image\" \/>\n<meta name=\"twitter:label1\" content=\"Gesch\u00e4tzte Lesezeit\" \/>\n\t<meta name=\"twitter:data1\" content=\"2\u00a0Minuten\" \/>\n<script type=\"application\/ld+json\" class=\"yoast-schema-graph\">{\"@context\":\"https:\/\/schema.org\",\"@graph\":[{\"@type\":\"WebPage\",\"@id\":\"https:\/\/staryachts.es\/sell\/\",\"url\":\"https:\/\/staryachts.es\/sell\/\",\"name\":\"Selling a Yacht in Mallorca | StarYachts\",\"isPartOf\":{\"@id\":\"https:\/\/staryachts.es\/#website\"},\"datePublished\":\"2024-01-27T15:31:55+00:00\",\"dateModified\":\"2025-03-18T11:46:09+00:00\",\"description\":\"Sell \u200b\u200byour yacht in Mallorca the smart way. The best team of consultants and experienced professionals. Sell \u200b\u200byour yacht successfully.\",\"breadcrumb\":{\"@id\":\"https:\/\/staryachts.es\/sell\/#breadcrumb\"},\"inLanguage\":\"de\",\"potentialAction\":[{\"@type\":\"ReadAction\",\"target\":[\"https:\/\/staryachts.es\/sell\/\"]}]},{\"@type\":\"BreadcrumbList\",\"@id\":\"https:\/\/staryachts.es\/sell\/#breadcrumb\",\"itemListElement\":[{\"@type\":\"ListItem\",\"position\":1,\"name\":\"Home\",\"item\":\"https:\/\/staryachts.es\/\"},{\"@type\":\"ListItem\",\"position\":2,\"name\":\"Sell\"}]},{\"@type\":\"WebSite\",\"@id\":\"https:\/\/staryachts.es\/#website\",\"url\":\"https:\/\/staryachts.es\/\",\"name\":\"StarYachts\",\"description\":\"\",\"publisher\":{\"@id\":\"https:\/\/staryachts.es\/#organization\"},\"potentialAction\":[{\"@type\":\"SearchAction\",\"target\":{\"@type\":\"EntryPoint\",\"urlTemplate\":\"https:\/\/staryachts.es\/?s={search_term_string}\"},\"query-input\":\"required name=search_term_string\"}],\"inLanguage\":\"de\"},{\"@type\":\"Organization\",\"@id\":\"https:\/\/staryachts.es\/#organization\",\"name\":\"STARYACHTS\",\"url\":\"https:\/\/staryachts.es\/\",\"logo\":{\"@type\":\"ImageObject\",\"inLanguage\":\"de\",\"@id\":\"https:\/\/staryachts.es\/#\/schema\/logo\/image\/\",\"url\":\"https:\/\/staryachts.es\/wp-content\/uploads\/2024\/02\/webpc-passthru-1.jpg\",\"contentUrl\":\"https:\/\/staryachts.es\/wp-content\/uploads\/2024\/02\/webpc-passthru-1.jpg\",\"width\":1500,\"height\":1000,\"caption\":\"STARYACHTS\"},\"image\":{\"@id\":\"https:\/\/staryachts.es\/#\/schema\/logo\/image\/\"}}]}<\/script>\n<!-- \/ Yoast SEO plugin. -->","yoast_head_json":{"title":"Selling a Yacht in Mallorca | StarYachts","description":"Sell \u200b\u200byour yacht in Mallorca the smart way. The best team of consultants and experienced professionals. Sell \u200b\u200byour yacht successfully.","robots":{"index":"index","follow":"follow","max-snippet":"max-snippet:-1","max-image-preview":"max-image-preview:large","max-video-preview":"max-video-preview:-1"},"canonical":"https:\/\/staryachts.es\/de\/sell\/","og_locale":"de_DE","og_type":"article","og_title":"Selling a Yacht in Mallorca | StarYachts","og_description":"Sell \u200b\u200byour yacht in Mallorca the smart way. The best team of consultants and experienced professionals. Sell \u200b\u200byour yacht successfully.","og_url":"https:\/\/staryachts.es\/de\/sell\/","og_site_name":"StarYachts","article_modified_time":"2025-03-18T11:46:09+00:00","twitter_card":"summary_large_image","twitter_misc":{"Gesch\u00e4tzte Lesezeit":"2\u00a0Minuten"},"schema":{"@context":"https:\/\/schema.org","@graph":[{"@type":"WebPage","@id":"https:\/\/staryachts.es\/sell\/","url":"https:\/\/staryachts.es\/sell\/","name":"Selling a Yacht in Mallorca | StarYachts","isPartOf":{"@id":"https:\/\/staryachts.es\/#website"},"datePublished":"2024-01-27T15:31:55+00:00","dateModified":"2025-03-18T11:46:09+00:00","description":"Sell \u200b\u200byour yacht in Mallorca the smart way. The best team of consultants and experienced professionals. Sell \u200b\u200byour yacht successfully.","breadcrumb":{"@id":"https:\/\/staryachts.es\/sell\/#breadcrumb"},"inLanguage":"de","potentialAction":[{"@type":"ReadAction","target":["https:\/\/staryachts.es\/sell\/"]}]},{"@type":"BreadcrumbList","@id":"https:\/\/staryachts.es\/sell\/#breadcrumb","itemListElement":[{"@type":"ListItem","position":1,"name":"Home","item":"https:\/\/staryachts.es\/"},{"@type":"ListItem","position":2,"name":"Sell"}]},{"@type":"WebSite","@id":"https:\/\/staryachts.es\/#website","url":"https:\/\/staryachts.es\/","name":"StarYachts","description":"","publisher":{"@id":"https:\/\/staryachts.es\/#organization"},"potentialAction":[{"@type":"SearchAction","target":{"@type":"EntryPoint","urlTemplate":"https:\/\/staryachts.es\/?s={search_term_string}"},"query-input":"required name=search_term_string"}],"inLanguage":"de"},{"@type":"Organization","@id":"https:\/\/staryachts.es\/#organization","name":"STARYACHTS","url":"https:\/\/staryachts.es\/","logo":{"@type":"ImageObject","inLanguage":"de","@id":"https:\/\/staryachts.es\/#\/schema\/logo\/image\/","url":"https:\/\/staryachts.es\/wp-content\/uploads\/2024\/02\/webpc-passthru-1.jpg","contentUrl":"https:\/\/staryachts.es\/wp-content\/uploads\/2024\/02\/webpc-passthru-1.jpg","width":1500,"height":1000,"caption":"STARYACHTS"},"image":{"@id":"https:\/\/staryachts.es\/#\/schema\/logo\/image\/"}}]}},"_links":{"self":[{"href":"https:\/\/staryachts.es\/de\/wp-json\/wp\/v2\/pages\/300","targetHints":{"allow":["GET"]}}],"collection":[{"href":"https:\/\/staryachts.es\/de\/wp-json\/wp\/v2\/pages"}],"about":[{"href":"https:\/\/staryachts.es\/de\/wp-json\/wp\/v2\/types\/page"}],"author":[{"embeddable":true,"href":"https:\/\/staryachts.es\/de\/wp-json\/wp\/v2\/users\/1"}],"replies":[{"embeddable":true,"href":"https:\/\/staryachts.es\/de\/wp-json\/wp\/v2\/comments?post=300"}],"version-history":[{"count":95,"href":"https:\/\/staryachts.es\/de\/wp-json\/wp\/v2\/pages\/300\/revisions"}],"predecessor-version":[{"id":1334,"href":"https:\/\/staryachts.es\/de\/wp-json\/wp\/v2\/pages\/300\/revisions\/1334"}],"wp:attachment":[{"href":"https:\/\/staryachts.es\/de\/wp-json\/wp\/v2\/media?parent=300"}],"curies":[{"name":"wp","href":"https:\/\/api.w.org\/{rel}","templated":true}]}}